{"id":732,"date":"2023-07-21T00:29:33","date_gmt":"2023-07-21T03:29:33","guid":{"rendered":"https:\/\/arboledasanpedro.cl\/inicio\/?page_id=732"},"modified":"2025-11-07T10:18:23","modified_gmt":"2025-11-07T13:18:23","slug":"certificados","status":"publish","type":"page","link":"https:\/\/arboledasanpedro.cl\/inicio\/certificados\/","title":{"rendered":"Certificados Residencia"},"content":{"rendered":"\t\t<div data-elementor-type=\"wp-page\" data-elementor-id=\"732\" class=\"elementor elementor-732\" data-elementor-post-type=\"page\">\n\t\t\t\t\t\t<section class=\"elementor-section elementor-top-section elementor-element elementor-element-0c59f84 elementor-section-boxed elementor-section-height-default elementor-section-height-default\" data-id=\"0c59f84\" data-element_type=\"section\">\n\t\t\t\t\t\t<div class=\"elementor-container elementor-column-gap-default\">\n\t\t\t\t\t<div class=\"elementor-column elementor-col-100 elementor-top-column elementor-element elementor-element-c2b970b\" data-id=\"c2b970b\" data-element_type=\"column\">\n\t\t\t<div class=\"elementor-widget-wrap elementor-element-populated\">\n\t\t\t\t\t\t<div class=\"elementor-element elementor-element-69655da elementor-widget elementor-widget-heading\" data-id=\"69655da\" data-element_type=\"widget\" data-widget_type=\"heading.default\">\n\t\t\t\t<div class=\"elementor-widget-container\">\n\t\t\t\t\t<h1 class=\"elementor-heading-title elementor-size-xxl\">Certificado de Residencia<\/h1>\t\t\t\t<\/div>\n\t\t\t\t<\/div>\n\t\t\t\t\t<\/div>\n\t\t<\/div>\n\t\t\t\t\t<\/div>\n\t\t<\/section>\n\t\t\t\t<section class=\"elementor-section elementor-top-section elementor-element elementor-element-96b2770 elementor-section-boxed elementor-section-height-default elementor-section-height-default\" data-id=\"96b2770\" data-element_type=\"section\">\n\t\t\t\t\t\t<div class=\"elementor-container elementor-column-gap-default\">\n\t\t\t\t\t<div class=\"elementor-column elementor-col-100 elementor-top-column elementor-element elementor-element-4989bd8\" data-id=\"4989bd8\" data-element_type=\"column\">\n\t\t\t<div class=\"elementor-widget-wrap elementor-element-populated\">\n\t\t\t\t\t\t<div class=\"elementor-element elementor-element-872fbbe elementor-headline--style-highlight elementor-widget elementor-widget-animated-headline\" data-id=\"872fbbe\" data-element_type=\"widget\" data-settings=\"{&quot;highlighted_text&quot;:&quot;Arboleda San Pedro, Aires de San Pedro, Condominios Pinares, Bosque San Pedro.&quot;,&quot;headline_style&quot;:&quot;highlight&quot;,&quot;marker&quot;:&quot;circle&quot;,&quot;loop&quot;:&quot;yes&quot;,&quot;highlight_animation_duration&quot;:1200,&quot;highlight_iteration_delay&quot;:8000}\" data-widget_type=\"animated-headline.default\">\n\t\t\t\t<div class=\"elementor-widget-container\">\n\t\t\t\t\t\t\t<h3 class=\"elementor-headline\">\n\t\t\t\t\t<span class=\"elementor-headline-plain-text elementor-headline-text-wrapper\">Para las y los vecinos de <\/span>\n\t\t\t\t<span class=\"elementor-headline-dynamic-wrapper elementor-headline-text-wrapper\">\n\t\t\t\t\t<span class=\"elementor-headline-dynamic-text elementor-headline-text-active\">Arboleda San Pedro, Aires de San Pedro, Condominios Pinares, Bosque San Pedro.<\/span>\n\t\t\t\t<\/span>\n\t\t\t\t<\/h3>\n\t\t\t\t\t\t<\/div>\n\t\t\t\t<\/div>\n\t\t\t\t<div class=\"elementor-element elementor-element-654e494 elementor-widget elementor-widget-heading\" data-id=\"654e494\" data-element_type=\"widget\" data-widget_type=\"heading.default\">\n\t\t\t\t<div class=\"elementor-widget-container\">\n\t\t\t\t\t<h4 class=\"elementor-heading-title elementor-size-default\"><h3 data-elementor-setting-key=\"title\" data-pen-placeholder=\"Certificado de residencia\" style=\"font-size: 1.76471rem;font-style: normal;font-family: Roboto, sans-serif\">El certificado se emite previo dep\u00f3sito en la cuenta de la <span style=\"font-weight: 700\">Junta de Vecinos Arboleda San Pedro (1) y enviarnos la informaci\u00f3n necesaria para emitir el certificado de residencia (2).<\/span><br><br>Los datos para el dep\u00f3sito o transferencia son los siguientes:<br>Nombre: <span style=\"font-weight: 700\">Junta de Vecinos Arboleda de San Pedro<\/span><br>RUT: <span style=\"font-weight: 700\">65004031-7<\/span><br>Correo: <b>jjvvarboledasanpedro@gmail.com<\/b><br><b>Banco Estado<\/b><br>\nTipo de cuenta: <span style=\"color: var(--ast-global-color-2);font-size: 1.76471rem;background-color: var(--ast-global-color-4);font-weight: 700\">Chequera Electr\u00f3nica o Cuenta Vista<\/span><br>N\u00famero de Cuenta: <span style=\"color: var(--ast-global-color-2);font-size: 1.76471rem;background-color: var(--ast-global-color-4);font-weight: 700\">53670074613<\/span><br>Monto: <span style=\"font-size: 1.76471rem;background-color: var(--ast-global-color-4);font-weight: 700\">$2.000.- para socios al dia<\/span><br><span style=\"font-size: 1.76471rem;background-color: var(--ast-global-color-4);font-weight: 700\">$4.000.- para vecinos del sector<\/span><span style=\"font-size: 1.76471rem;background-color: var(--ast-global-color-4)\">.-<\/span><br><\/h4>\t\t\t\t<\/div>\n\t\t\t\t<\/div>\n\t\t\t\t<div class=\"elementor-element elementor-element-86575b2 elementor-widget elementor-widget-text-editor\" data-id=\"86575b2\" data-element_type=\"widget\" data-widget_type=\"text-editor.default\">\n\t\t\t\t<div class=\"elementor-widget-container\">\n\t\t\t\t\t\t\t\t\t<h5><span class=\"selectable-text copyable-text\">LA SIGUIENTE INFORMACI\u00d3N DEBE SER ENVIADA AL <a href=\"mailto:jjvvarboledasanpedro@gmail.com\">CORREO<\/a> PARA OBTENER SU CERTIFICADO DE RESIDENCIA:<br \/><\/span><\/h5><ul><li><h5><strong><span class=\"selectable-text copyable-text\">EL ASUNTO DEL CORREO DEBE DECIR: Certificado de Residencia <br \/><\/span><\/strong><\/h5><\/li><li><h5><strong><span class=\"selectable-text copyable-text\">NOMBRES Y APELLIDOS. (COMPLETO)<\/span><\/strong><\/h5><\/li><li><h5><strong><span class=\"selectable-text copyable-text\">R.U.N.<\/span><\/strong><\/h5><\/li><li><h5><strong><span class=\"selectable-text copyable-text\"> ESTADO CIVIL<\/span><\/strong><\/h5><\/li><li><h5><strong><span class=\"selectable-text copyable-text\">DIRECCI\u00d3N DE SU DOMICILIO<br \/><\/span><\/strong><\/h5><\/li><li><h5><strong><span class=\"selectable-text copyable-text\">DESDE QUE A\u00d1O RESIDE EN ESA DIRECCI\u00d3N<\/span><\/strong><\/h5><\/li><li><h5><strong><span class=\"selectable-text copyable-text\">DONDE PRESENTARA DICHO CERTIFICADO<\/span><\/strong><\/h5><\/li><li><h5><strong><span class=\"selectable-text copyable-text\">TEL\u00c9FONO DEL SOLICITANTE<\/span><\/strong><\/h5><\/li><li><h5><strong><span class=\"selectable-text copyable-text\">ENVIAR COMPROBANTE DE DEPOSITO A\u00a0 jjvvarboledasanpedro@gmail.com<\/span><\/strong><\/h5><\/li><li><h5><strong><span class=\"selectable-text copyable-text\">ADJUNTAR EN EL CORREO: 1) C\u00c9DULA DE IDENTIDAD O DOCUMENTO DEL REGISTRO CIVIL. 2) COMPROBANTE DE PAGO DE SERVICIOS U OTRO DOCUMENTO QUE ACREDITE EL DOMICILIO.<\/span><\/strong><\/h5><\/li><\/ul><h4>Dudas y consultas al momento de enviar la informaci\u00f3n o al correo <a href=\"mailto:jjvvarboledasanpedro@gmail.com\">jjvvarboledasanpedro@gmail.com<\/a><\/h4>\t\t\t\t\t\t\t\t<\/div>\n\t\t\t\t<\/div>\n\t\t\t\t<div class=\"elementor-element elementor-element-469a06c elementor-widget elementor-widget-heading\" data-id=\"469a06c\" data-element_type=\"widget\" data-widget_type=\"heading.default\">\n\t\t\t\t<div class=\"elementor-widget-container\">\n\t\t\t\t\t<h4 class=\"elementor-heading-title elementor-size-default\">Los certificados ser\u00e1n entregados previa coordinaci\u00f3n via telefonica en las proximas 48 horas siguiente desde la recepci\u00f3n de toda la informaci\u00f3n de lunes a viernes a la persona que solicita el certificado. \n<br>Nota: Los certificados para menores de edad, deben ser solicitados por sus padres o tutores debiendo presentar un documento que lo acredite como tal (certificado de nacimiento, cuaderno de control sano u otro), adem\u00e1s de todos los datos anteriores.<br><br>\n- El certificado de residencia se considera como una declaraci\u00f3n prestada bajo juramento. Por lo tanto, si el solicitante miente sobre los datos proporcionados no sera reembolsado el costo del certificado y se expone a:\nPenas de prisi\u00f3n en cualquiera de sus grados.\nY multa de entre 1 y 4 Unidades Tributarias Mensuales (UTM).<br>\nhttps:\/\/www.bcn.cl\/leychile\/navegar?idNorma=1057703<\/h4>\t\t\t\t<\/div>\n\t\t\t\t<\/div>\n\t\t\t\t\t<\/div>\n\t\t<\/div>\n\t\t\t\t\t<\/div>\n\t\t<\/section>\n\t\t\t\t<\/div>\n\t\t","protected":false},"excerpt":{"rendered":"<p>Certificado de Residencia Para las y los vecinos de Arboleda San Pedro, Aires de San Pedro, Condominios Pinares, Bosque San Pedro. El certificado se emite previo dep\u00f3sito en la cuenta de la Junta de Vecinos Arboleda San Pedro (1) y enviarnos la informaci\u00f3n necesaria para emitir el certificado de residencia (2). Los datos para el [&hellip;]<\/p>\n","protected":false},"author":1,"featured_media":0,"parent":0,"menu_order":0,"comment_status":"closed","ping_status":"closed","template":"","meta":{"site-sidebar-layout":"no-sidebar","site-content-layout":"page-builder","ast-site-content-layout":"default","site-content-style":"default","site-sidebar-style":"default","ast-global-header-display":"","ast-banner-title-visibility":"","ast-main-header-display":"","ast-hfb-above-header-display":"","ast-hfb-below-header-display":"","ast-hfb-mobile-header-display":"","site-post-title":"disabled","ast-breadcrumbs-content":"","ast-featured-img":"disabled","footer-sml-layout":"","ast-disable-related-posts":"","theme-transparent-header-meta":"","adv-header-id-meta":"","stick-header-meta":"","header-above-stick-meta":"","header-main-stick-meta":"","header-below-stick-meta":"","astra-migrate-meta-layouts":"default","ast-page-background-enabled":"default","ast-page-background-meta":{"desktop":{"background-color":"","background-image":"","background-repeat":"repeat","background-position":"center center","background-size":"auto","background-attachment":"scroll","background-type":"","background-media":"","overlay-type":"","overlay-color":"","overlay-opacity":"","overlay-gradient":""},"tablet":{"background-color":"","background-image":"","background-repeat":"repeat","background-position":"center center","background-size":"auto","background-attachment":"scroll","background-type":"","background-media":"","overlay-type":"","overlay-color":"","overlay-opacity":"","overlay-gradient":""},"mobile":{"background-color":"","background-image":"","background-repeat":"repeat","background-position":"center center","background-size":"auto","background-attachment":"scroll","background-type":"","background-media":"","overlay-type":"","overlay-color":"","overlay-opacity":"","overlay-gradient":""}},"ast-content-background-meta":{"desktop":{"background-color":"var(--ast-global-color-5)","background-image":"","background-repeat":"repeat","background-position":"center center","background-size":"auto","background-attachment":"scroll","background-type":"","background-media":"","overlay-type":"","overlay-color":"","overlay-opacity":"","overlay-gradient":""},"tablet":{"background-color":"var(--ast-global-color-5)","background-image":"","background-repeat":"repeat","background-position":"center center","background-size":"auto","background-attachment":"scroll","background-type":"","background-media":"","overlay-type":"","overlay-color":"","overlay-opacity":"","overlay-gradient":""},"mobile":{"background-color":"var(--ast-global-color-5)","background-image":"","background-repeat":"repeat","background-position":"center center","background-size":"auto","background-attachment":"scroll","background-type":"","background-media":"","overlay-type":"","overlay-color":"","overlay-opacity":"","overlay-gradient":""}},"footnotes":""},"class_list":["post-732","page","type-page","status-publish","hentry"],"_links":{"self":[{"href":"https:\/\/arboledasanpedro.cl\/inicio\/wp-json\/wp\/v2\/pages\/732","targetHints":{"allow":["GET"]}}],"collection":[{"href":"https:\/\/arboledasanpedro.cl\/inicio\/wp-json\/wp\/v2\/pages"}],"about":[{"href":"https:\/\/arboledasanpedro.cl\/inicio\/wp-json\/wp\/v2\/types\/page"}],"author":[{"embeddable":true,"href":"https:\/\/arboledasanpedro.cl\/inicio\/wp-json\/wp\/v2\/users\/1"}],"replies":[{"embeddable":true,"href":"https:\/\/arboledasanpedro.cl\/inicio\/wp-json\/wp\/v2\/comments?post=732"}],"version-history":[{"count":126,"href":"https:\/\/arboledasanpedro.cl\/inicio\/wp-json\/wp\/v2\/pages\/732\/revisions"}],"predecessor-version":[{"id":1329,"href":"https:\/\/arboledasanpedro.cl\/inicio\/wp-json\/wp\/v2\/pages\/732\/revisions\/1329"}],"wp:attachment":[{"href":"https:\/\/arboledasanpedro.cl\/inicio\/wp-json\/wp\/v2\/media?parent=732"}],"curies":[{"name":"wp","href":"https:\/\/api.w.org\/{rel}","templated":true}]}}